{"id":4724,"date":"2026-03-23T20:06:25","date_gmt":"2026-03-23T19:06:25","guid":{"rendered":"https:\/\/jolyconcept.be\/?post_type=product&#038;p=4724"},"modified":"2026-03-23T20:13:39","modified_gmt":"2026-03-23T19:13:39","slug":"montage-vase-paille","status":"publish","type":"product","link":"https:\/\/jolyconcept.be\/index.php\/produit\/montage-vase-paille\/","title":{"rendered":"MONTAGE VASE PAILLE"},"content":{"rendered":"<p><img fetchpriority=\"high\" decoding=\"async\" class=\"alignnone wp-image-4728\" src=\"https:\/\/jolyconcept.be\/wp-content\/uploads\/2026\/03\/PHOTO_IND_18-2-300x199.png\" alt=\"\" width=\"428\" height=\"284\" srcset=\"https:\/\/jolyconcept.be\/wp-content\/uploads\/2026\/03\/PHOTO_IND_18-2-300x199.png 300w, https:\/\/jolyconcept.be\/wp-content\/uploads\/2026\/03\/PHOTO_IND_18-2-1024x681.png 1024w, https:\/\/jolyconcept.be\/wp-content\/uploads\/2026\/03\/PHOTO_IND_18-2-768x511.png 768w\" sizes=\"(max-width: 428px) 100vw, 428px\" \/> <img decoding=\"async\" class=\"alignnone size-medium wp-image-4727\" src=\"https:\/\/jolyconcept.be\/wp-content\/uploads\/2026\/03\/PHOTO_IND_18-1.png\" alt=\"\" width=\"1\" height=\"1\" \/><\/p>\n","protected":false},"excerpt":{"rendered":"<p><strong>Montage vase en paille \u00d8 16cm, orn\u00e9 de fleurs s\u00e9ch\u00e9es dans les tons beige\/rose<\/strong>(*)<br \/>\n<em>Montage vendu \u00e0 l&rsquo;unit\u00e9 &#8211; Hauteur de la composition : 24cm<br \/>\n______________<br \/>\n<\/em><strong>DESCRIPTION \u2192\u00a0<\/strong> Alternative aux fleurs fraiches, les fleurs s\u00e9ch\u00e9es sont des v\u00e9g\u00e9taux naturels (fleurs, herbes, gramin\u00e9es) d\u00e9shydrat\u00e9s pour conserver leur forme et leur couleur pendant une dur\u00e9e significative.<br \/>\n<strong>CONSEILS D&rsquo;ENTRETIEN \u2192\u00a0 <\/strong>Une fois install\u00e9e, d\u00e9placer au minimum la composition.<br \/>\nAfin de conserver au mieux les fleurs s\u00e9ch\u00e9es, il est conseill\u00e9 de la disposer loin d&rsquo;une source de chaleur, d&rsquo;\u00e9viter la lumi\u00e8re directe et l&rsquo;humidit\u00e9. Cela pourrait alt\u00e9rer la qualit\u00e9 et les couleurs de la composition.<br \/>\n<strong>LIVRAISON\u00a0 \u2192\u00a0 <\/strong>Les d\u00e9lais et les frais de livraison sont variables en fonction de l&rsquo;adresse de livraison (Belgique, France et Luxembourg). La livraison se fait via Mondial Relay, apr\u00e8s la r\u00e9ception du paiement.<br \/>\n<em>______________<br \/>\n(*) les cr\u00e9ations sont artisanales et uniques. Elles peuvent diff\u00e9rer l\u00e9g\u00e8rement de la photo pr\u00e9sent\u00e9e.<\/em><\/p>\n","protected":false},"featured_media":4727,"comment_status":"open","ping_status":"closed","template":"","meta":{"site-sidebar-layout":"default","site-content-layout":"","ast-site-content-layout":"default","site-content-style":"default","site-sidebar-style":"default","ast-global-header-display":"","ast-banner-title-visibility":"","ast-main-header-display":"","ast-hfb-above-header-display":"","ast-hfb-below-header-display":"","ast-hfb-mobile-header-display":"","site-post-title":"","ast-breadcrumbs-content":"","ast-featured-img":"","footer-sml-layout":"","theme-transparent-header-meta":"default","adv-header-id-meta":"","stick-header-meta":"","header-above-stick-meta":"","header-main-stick-meta":"","header-below-stick-meta":"","astra-migrate-meta-layouts":"set","ast-page-background-enabled":"default","ast-page-background-meta":{"desktop":{"background-color":"var(--ast-global-color-4)","background-image":"","background-repeat":"repeat","background-position":"center center","background-size":"auto","background-attachment":"scroll","background-type":"","background-media":"","overlay-type":"","overlay-color":"","overlay-gradient":""},"tablet":{"background-color":"","background-image":"","background-repeat":"repeat","background-position":"center center","background-size":"auto","background-attachment":"scroll","background-type":"","background-media":"","overlay-type":"","overlay-color":"","overlay-gradient":""},"mobile":{"background-color":"","background-image":"","background-repeat":"repeat","background-position":"center center","background-size":"auto","background-attachment":"scroll","background-type":"","background-media":"","overlay-type":"","overlay-color":"","overlay-gradient":""}},"ast-content-background-meta":{"desktop":{"background-color":"var(--ast-global-color-5)","background-image":"","background-repeat":"repeat","background-position":"center center","background-size":"auto","background-attachment":"scroll","background-type":"","background-media":"","overlay-type":"","overlay-color":"","overlay-gradient":""},"tablet":{"background-color":"var(--ast-global-color-5)","background-image":"","background-repeat":"repeat","background-position":"center center","background-size":"auto","background-attachment":"scroll","background-type":"","background-media":"","overlay-type":"","overlay-color":"","overlay-gradient":""},"mobile":{"background-color":"var(--ast-global-color-5)","background-image":"","background-repeat":"repeat","background-position":"center center","background-size":"auto","background-attachment":"scroll","background-type":"","background-media":"","overlay-type":"","overlay-color":"","overlay-gradient":""}}},"product_cat":[48],"product_tag":[],"mwb_booking_cost":[],"mwb_booking_service":[],"class_list":{"0":"post-4724","1":"product","2":"type-product","3":"status-publish","4":"has-post-thumbnail","6":"product_cat-a-mandine-latelier","7":"product_shipping_class-a-mandine-latelier","8":"desktop-align-right","9":"tablet-align-left","10":"mobile-align-left","12":"first","13":"instock","14":"taxable","15":"shipping-taxable","16":"purchasable","17":"product-type-variable"},"_links":{"self":[{"href":"https:\/\/jolyconcept.be\/index.php\/wp-json\/wp\/v2\/product\/4724","targetHints":{"allow":["GET"]}}],"collection":[{"href":"https:\/\/jolyconcept.be\/index.php\/wp-json\/wp\/v2\/product"}],"about":[{"href":"https:\/\/jolyconcept.be\/index.php\/wp-json\/wp\/v2\/types\/product"}],"replies":[{"embeddable":true,"href":"https:\/\/jolyconcept.be\/index.php\/wp-json\/wp\/v2\/comments?post=4724"}],"wp:featuredmedia":[{"embeddable":true,"href":"https:\/\/jolyconcept.be\/index.php\/wp-json\/wp\/v2\/media\/4727"}],"wp:attachment":[{"href":"https:\/\/jolyconcept.be\/index.php\/wp-json\/wp\/v2\/media?parent=4724"}],"wp:term":[{"taxonomy":"product_cat","embeddable":true,"href":"https:\/\/jolyconcept.be\/index.php\/wp-json\/wp\/v2\/product_cat?post=4724"},{"taxonomy":"product_tag","embeddable":true,"href":"https:\/\/jolyconcept.be\/index.php\/wp-json\/wp\/v2\/product_tag?post=4724"},{"taxonomy":"mwb_booking_cost","embeddable":true,"href":"https:\/\/jolyconcept.be\/index.php\/wp-json\/wp\/v2\/mwb_booking_cost?post=4724"},{"taxonomy":"mwb_booking_service","embeddable":true,"href":"https:\/\/jolyconcept.be\/index.php\/wp-json\/wp\/v2\/mwb_booking_service?post=4724"}],"curies":[{"name":"wp","href":"https:\/\/api.w.org\/{rel}","templated":true}]}}