{"id":4645,"date":"2026-02-12T17:21:31","date_gmt":"2026-02-12T16:21:31","guid":{"rendered":"https:\/\/jolyconcept.be\/?post_type=product&#038;p=4645"},"modified":"2026-03-08T20:06:54","modified_gmt":"2026-03-08T19:06:54","slug":"fiole-neon-rose","status":"publish","type":"product","link":"https:\/\/jolyconcept.be\/index.php\/produit\/fiole-neon-rose\/","title":{"rendered":"FIOLE N\u00c9ON ROSE"},"content":{"rendered":"<p><img decoding=\"async\" class=\"alignnone wp-image-4620\" src=\"https:\/\/jolyconcept.be\/wp-content\/uploads\/2026\/02\/PHOTO_IND_10-300x289.png\" alt=\"\" width=\"163\" height=\"157\" srcset=\"https:\/\/jolyconcept.be\/wp-content\/uploads\/2026\/02\/PHOTO_IND_10-300x289.png 300w, https:\/\/jolyconcept.be\/wp-content\/uploads\/2026\/02\/PHOTO_IND_10-1024x986.png 1024w, https:\/\/jolyconcept.be\/wp-content\/uploads\/2026\/02\/PHOTO_IND_10-768x739.png 768w, https:\/\/jolyconcept.be\/wp-content\/uploads\/2026\/02\/PHOTO_IND_10-1536x1478.png 1536w, https:\/\/jolyconcept.be\/wp-content\/uploads\/2026\/02\/PHOTO_IND_10-2048x1971.png 2048w, https:\/\/jolyconcept.be\/wp-content\/uploads\/2026\/02\/PHOTO_IND_10-600x578.png 600w\" sizes=\"(max-width: 163px) 100vw, 163px\" \/> <img decoding=\"async\" class=\"alignnone size-medium wp-image-4621\" src=\"https:\/\/jolyconcept.be\/wp-content\/uploads\/2026\/02\/PHOTO_IND_10-1.png\" alt=\"\" width=\"1\" height=\"1\" \/><img decoding=\"async\" class=\"alignnone size-medium wp-image-4626\" src=\"https:\/\/jolyconcept.be\/wp-content\/uploads\/2026\/02\/PHOTO_IND_10-1-2.png\" alt=\"\" width=\"1\" height=\"1\" \/><img loading=\"lazy\" decoding=\"async\" class=\"alignnone size-medium wp-image-4632\" src=\"https:\/\/jolyconcept.be\/wp-content\/uploads\/2026\/02\/PHOTO_IND_10-2222222.png\" alt=\"\" width=\"1\" height=\"1\" \/><img loading=\"lazy\" decoding=\"async\" class=\"alignnone size-medium wp-image-4655\" src=\"https:\/\/jolyconcept.be\/wp-content\/uploads\/2026\/02\/PHOTO_IND_10-44444-5-300x159.png\" alt=\"\" width=\"300\" height=\"159\" srcset=\"https:\/\/jolyconcept.be\/wp-content\/uploads\/2026\/02\/PHOTO_IND_10-44444-5-300x159.png 300w, https:\/\/jolyconcept.be\/wp-content\/uploads\/2026\/02\/PHOTO_IND_10-44444-5-1024x543.png 1024w, https:\/\/jolyconcept.be\/wp-content\/uploads\/2026\/02\/PHOTO_IND_10-44444-5-768x407.png 768w, https:\/\/jolyconcept.be\/wp-content\/uploads\/2026\/02\/PHOTO_IND_10-44444-5-1536x814.png 1536w, https:\/\/jolyconcept.be\/wp-content\/uploads\/2026\/02\/PHOTO_IND_10-44444-5-2048x1086.png 2048w, https:\/\/jolyconcept.be\/wp-content\/uploads\/2026\/02\/PHOTO_IND_10-44444-5-600x318.png 600w\" sizes=\"(max-width: 300px) 100vw, 300px\" \/><\/p>\n","protected":false},"excerpt":{"rendered":"<p><strong>Fiole recycl\u00e9e en pvc rose n\u00e9on\u00a0 \u00d8 2cm X 13,5 cm, orn\u00e9e de fleurs s\u00e9ch\u00e9es. <\/strong>(*)<\/p>\n<p><em>Composition : 1 fiole + 7 brins de fleurs s\u00e9ch\u00e9es.<br \/>\n(les fioles sont \u00e9galement disponibles en n\u00e9on jaune, bleu ou orange)<br \/>\n______________<br \/>\n<\/em><strong>DESCRIPTION \u2192\u00a0<\/strong> Alternative aux fleurs fraiches, les fleurs s\u00e9ch\u00e9es sont des v\u00e9g\u00e9taux naturels (fleurs, herbes, gramin\u00e9es) d\u00e9shydrat\u00e9s pour conserver leur forme et leur couleur pendant une dur\u00e9e significative.<br \/>\n<strong>CONSEILS D&rsquo;ENTRETIEN \u2192\u00a0 <\/strong>Une fois install\u00e9e, d\u00e9placer au minimum la composition.<br \/>\nAfin de conserver au mieux les fleurs s\u00e9ch\u00e9es, il est conseill\u00e9 de la disposer loin d&rsquo;une source de chaleur, d&rsquo;\u00e9viter la lumi\u00e8re directe et l&rsquo;humidit\u00e9. Cela pourrait alt\u00e9rer la qualit\u00e9 et les couleurs de la composition.<br \/>\n<strong>LIVRAISON\u00a0 \u2192\u00a0 <\/strong>Les d\u00e9lais et les frais de livraison sont variables en fonction de l&rsquo;adresse de livraison (Belgique, France et Luxembourg). La livraison se fait par la poste, apr\u00e8s la r\u00e9ception du paiement.<br \/>\n<em>______________<br \/>\n(*) les cr\u00e9ations sont artisanales et uniques. Elles peuvent diff\u00e9rer l\u00e9g\u00e8rement de la photo pr\u00e9sent\u00e9e.<\/em><\/p>\n","protected":false},"featured_media":4649,"comment_status":"open","ping_status":"closed","template":"","meta":{"site-sidebar-layout":"default","site-content-layout":"","ast-site-content-layout":"default","site-content-style":"default","site-sidebar-style":"default","ast-global-header-display":"","ast-banner-title-visibility":"","ast-main-header-display":"","ast-hfb-above-header-display":"","ast-hfb-below-header-display":"","ast-hfb-mobile-header-display":"","site-post-title":"","ast-breadcrumbs-content":"","ast-featured-img":"","footer-sml-layout":"","theme-transparent-header-meta":"default","adv-header-id-meta":"","stick-header-meta":"","header-above-stick-meta":"","header-main-stick-meta":"","header-below-stick-meta":"","astra-migrate-meta-layouts":"set","ast-page-background-enabled":"default","ast-page-background-meta":{"desktop":{"background-color":"var(--ast-global-color-4)","background-image":"","background-repeat":"repeat","background-position":"center center","background-size":"auto","background-attachment":"scroll","background-type":"","background-media":"","overlay-type":"","overlay-color":"","overlay-gradient":""},"tablet":{"background-color":"","background-image":"","background-repeat":"repeat","background-position":"center center","background-size":"auto","background-attachment":"scroll","background-type":"","background-media":"","overlay-type":"","overlay-color":"","overlay-gradient":""},"mobile":{"background-color":"","background-image":"","background-repeat":"repeat","background-position":"center center","background-size":"auto","background-attachment":"scroll","background-type":"","background-media":"","overlay-type":"","overlay-color":"","overlay-gradient":""}},"ast-content-background-meta":{"desktop":{"background-color":"var(--ast-global-color-5)","background-image":"","background-repeat":"repeat","background-position":"center center","background-size":"auto","background-attachment":"scroll","background-type":"","background-media":"","overlay-type":"","overlay-color":"","overlay-gradient":""},"tablet":{"background-color":"var(--ast-global-color-5)","background-image":"","background-repeat":"repeat","background-position":"center center","background-size":"auto","background-attachment":"scroll","background-type":"","background-media":"","overlay-type":"","overlay-color":"","overlay-gradient":""},"mobile":{"background-color":"var(--ast-global-color-5)","background-image":"","background-repeat":"repeat","background-position":"center center","background-size":"auto","background-attachment":"scroll","background-type":"","background-media":"","overlay-type":"","overlay-color":"","overlay-gradient":""}}},"product_cat":[48],"product_tag":[],"mwb_booking_cost":[],"mwb_booking_service":[],"class_list":{"0":"post-4645","1":"product","2":"type-product","3":"status-publish","4":"has-post-thumbnail","6":"product_cat-a-mandine-latelier","7":"product_shipping_class-petits-articles","8":"desktop-align-right","9":"tablet-align-left","10":"mobile-align-left","12":"first","13":"instock","14":"taxable","15":"shipping-taxable","16":"purchasable","17":"product-type-simple"},"_links":{"self":[{"href":"https:\/\/jolyconcept.be\/index.php\/wp-json\/wp\/v2\/product\/4645","targetHints":{"allow":["GET"]}}],"collection":[{"href":"https:\/\/jolyconcept.be\/index.php\/wp-json\/wp\/v2\/product"}],"about":[{"href":"https:\/\/jolyconcept.be\/index.php\/wp-json\/wp\/v2\/types\/product"}],"replies":[{"embeddable":true,"href":"https:\/\/jolyconcept.be\/index.php\/wp-json\/wp\/v2\/comments?post=4645"}],"wp:featuredmedia":[{"embeddable":true,"href":"https:\/\/jolyconcept.be\/index.php\/wp-json\/wp\/v2\/media\/4649"}],"wp:attachment":[{"href":"https:\/\/jolyconcept.be\/index.php\/wp-json\/wp\/v2\/media?parent=4645"}],"wp:term":[{"taxonomy":"product_cat","embeddable":true,"href":"https:\/\/jolyconcept.be\/index.php\/wp-json\/wp\/v2\/product_cat?post=4645"},{"taxonomy":"product_tag","embeddable":true,"href":"https:\/\/jolyconcept.be\/index.php\/wp-json\/wp\/v2\/product_tag?post=4645"},{"taxonomy":"mwb_booking_cost","embeddable":true,"href":"https:\/\/jolyconcept.be\/index.php\/wp-json\/wp\/v2\/mwb_booking_cost?post=4645"},{"taxonomy":"mwb_booking_service","embeddable":true,"href":"https:\/\/jolyconcept.be\/index.php\/wp-json\/wp\/v2\/mwb_booking_service?post=4645"}],"curies":[{"name":"wp","href":"https:\/\/api.w.org\/{rel}","templated":true}]}}