{"id":4335,"date":"2025-10-18T08:02:18","date_gmt":"2025-10-18T06:02:18","guid":{"rendered":"https:\/\/jolyconcept.be\/?post_type=product&#038;p=4335"},"modified":"2025-10-18T09:07:27","modified_gmt":"2025-10-18T07:07:27","slug":"carte-cadeau-personnalisee-50e","status":"publish","type":"product","link":"https:\/\/jolyconcept.be\/index.php\/produit\/carte-cadeau-personnalisee-50e\/","title":{"rendered":"CARTE CADEAU PERSONNALIS\u00c9E &#8211; 20\u20ac"},"content":{"rendered":"<p>Vous souhaitez offrir un cadeau personnalis\u00e9 et original pour une occasion particuli\u00e8re ??? Optez pour \u2026 <strong>UNE CARTE CADEAU PERSONNALIS\u00c9E<\/strong><\/p>\n<p><strong>EN QUOI CELA CONSISTE ?<\/strong><br \/>\nOffrez un\u00a0<strong>montant personnalis\u00e9<\/strong> valable sur une prestation au choix.<\/p>\n<p><strong>AVANTAGES<\/strong> : Les cartes cadeaux <strong>PERSONNALIS\u00c9ES<\/strong> peuvent \u00eatre utilis\u00e9es une seule fois, sont valables 6 mois \u00e0 compter de la date d\u2019achat et sont cumulables sur une m\u00eame prestation. (*)<\/p>\n<p><strong>\u2192 <a href=\"https:\/\/jolyconcept.be\/index.php\/services\/\">D\u00c9COUVRIR LES PRESTATIONS&#8230;<\/a><\/strong><\/p>\n<p>&nbsp;<\/p>\n<p><em>(*) Les cartes cadeaux ne sont ni \u00e9chang\u00e9es, ni rembours\u00e9es.\u00a0<\/em><\/p>\n","protected":false},"excerpt":{"rendered":"<p>&nbsp;<\/p>\n<p><strong>LIVRAISON\u00a0 \u2192\u00a0 <\/strong>La livraison des cartes cadeaux se fait par la poste, apr\u00e8s la r\u00e9ception du paiement.<\/p>\n","protected":false},"featured_media":4343,"comment_status":"closed","ping_status":"closed","template":"","meta":{"site-sidebar-layout":"default","site-content-layout":"","ast-site-content-layout":"default","site-content-style":"default","site-sidebar-style":"default","ast-global-header-display":"","ast-banner-title-visibility":"","ast-main-header-display":"","ast-hfb-above-header-display":"","ast-hfb-below-header-display":"","ast-hfb-mobile-header-display":"","site-post-title":"","ast-breadcrumbs-content":"","ast-featured-img":"","footer-sml-layout":"","theme-transparent-header-meta":"default","adv-header-id-meta":"","stick-header-meta":"","header-above-stick-meta":"","header-main-stick-meta":"","header-below-stick-meta":"","astra-migrate-meta-layouts":"set","ast-page-background-enabled":"default","ast-page-background-meta":{"desktop":{"background-color":"var(--ast-global-color-4)","background-image":"","background-repeat":"repeat","background-position":"center center","background-size":"auto","background-attachment":"scroll","background-type":"","background-media":"","overlay-type":"","overlay-color":"","overlay-gradient":""},"tablet":{"background-color":"","background-image":"","background-repeat":"repeat","background-position":"center center","background-size":"auto","background-attachment":"scroll","background-type":"","background-media":"","overlay-type":"","overlay-color":"","overlay-gradient":""},"mobile":{"background-color":"","background-image":"","background-repeat":"repeat","background-position":"center center","background-size":"auto","background-attachment":"scroll","background-type":"","background-media":"","overlay-type":"","overlay-color":"","overlay-gradient":""}},"ast-content-background-meta":{"desktop":{"background-color":"var(--ast-global-color-5)","background-image":"","background-repeat":"repeat","background-position":"center center","background-size":"auto","background-attachment":"scroll","background-type":"","background-media":"","overlay-type":"","overlay-color":"","overlay-gradient":""},"tablet":{"background-color":"var(--ast-global-color-5)","background-image":"","background-repeat":"repeat","background-position":"center center","background-size":"auto","background-attachment":"scroll","background-type":"","background-media":"","overlay-type":"","overlay-color":"","overlay-gradient":""},"mobile":{"background-color":"var(--ast-global-color-5)","background-image":"","background-repeat":"repeat","background-position":"center center","background-size":"auto","background-attachment":"scroll","background-type":"","background-media":"","overlay-type":"","overlay-color":"","overlay-gradient":""}}},"product_cat":[23],"product_tag":[],"mwb_booking_cost":[],"mwb_booking_service":[],"class_list":{"0":"post-4335","1":"product","2":"type-product","3":"status-publish","4":"has-post-thumbnail","6":"product_cat-carte-cadeau","7":"desktop-align-right","8":"tablet-align-left","9":"mobile-align-left","11":"first","12":"instock","13":"taxable","14":"shipping-taxable","15":"purchasable","16":"product-type-simple"},"_links":{"self":[{"href":"https:\/\/jolyconcept.be\/index.php\/wp-json\/wp\/v2\/product\/4335","targetHints":{"allow":["GET"]}}],"collection":[{"href":"https:\/\/jolyconcept.be\/index.php\/wp-json\/wp\/v2\/product"}],"about":[{"href":"https:\/\/jolyconcept.be\/index.php\/wp-json\/wp\/v2\/types\/product"}],"replies":[{"embeddable":true,"href":"https:\/\/jolyconcept.be\/index.php\/wp-json\/wp\/v2\/comments?post=4335"}],"wp:featuredmedia":[{"embeddable":true,"href":"https:\/\/jolyconcept.be\/index.php\/wp-json\/wp\/v2\/media\/4343"}],"wp:attachment":[{"href":"https:\/\/jolyconcept.be\/index.php\/wp-json\/wp\/v2\/media?parent=4335"}],"wp:term":[{"taxonomy":"product_cat","embeddable":true,"href":"https:\/\/jolyconcept.be\/index.php\/wp-json\/wp\/v2\/product_cat?post=4335"},{"taxonomy":"product_tag","embeddable":true,"href":"https:\/\/jolyconcept.be\/index.php\/wp-json\/wp\/v2\/product_tag?post=4335"},{"taxonomy":"mwb_booking_cost","embeddable":true,"href":"https:\/\/jolyconcept.be\/index.php\/wp-json\/wp\/v2\/mwb_booking_cost?post=4335"},{"taxonomy":"mwb_booking_service","embeddable":true,"href":"https:\/\/jolyconcept.be\/index.php\/wp-json\/wp\/v2\/mwb_booking_service?post=4335"}],"curies":[{"name":"wp","href":"https:\/\/api.w.org\/{rel}","templated":true}]}}