{"id":3661,"date":"2024-11-02T17:17:39","date_gmt":"2024-11-02T16:17:39","guid":{"rendered":"https:\/\/jolyconcept.be\/?post_type=product&#038;p=3661"},"modified":"2025-10-18T09:10:48","modified_gmt":"2025-10-18T07:10:48","slug":"carte-cadeau-conseils-decoration-en-ligne","status":"publish","type":"product","link":"https:\/\/jolyconcept.be\/index.php\/produit\/carte-cadeau-conseils-decoration-en-ligne\/","title":{"rendered":"CARTE CADEAU &#8211; CONSEILS D\u00c9CORATION (en ligne)"},"content":{"rendered":"<p>Vous souhaitez offrir un cadeau personnalis\u00e9 et original ??? Optez pour \u2026 <strong>UNE CARTE CADEAU &#8211; CONSEILS D\u00c9CORATION <\/strong>(*)<\/p>\n<p><strong>EN QUOI CELA CONSISTE ?<\/strong> Sur base de photos, d&rsquo;informations, et de questions envoy\u00e9es par email, pr\u00e9alablement au rendez-vous, nous abordons et examinons ensemble la probl\u00e9matique et\/ou les souhaits d\u2019am\u00e9nagement int\u00e9rieur et\/ou ext\u00e9rieur lors d\u2019un <strong>rendez-vous de 1h30<\/strong> en ligne, en visioconf\u00e9rence. (<strong>pour 2 \u00e0 3 pi\u00e8ces)<\/strong><\/p>\n<p>R\u00e9ception ensuite par email :<strong><br \/>\n\u25a1\u00a0 \u00a0Un compte rendu d\u00e9taill\u00e9.<br \/>\n\u25a1\u00a0 \u00a0Une planche d\u2019ambiance et croquis \u00e9ventuels.<\/strong><\/p>\n<p>&nbsp;<\/p>\n<p><strong>\u2192 <a href=\"https:\/\/jolyconcept.be\/index.php\/details-de-la-mission-conseil-et-de-la-mission-projet\/\">EN SAVOIR PLUS&#8230;<\/a><\/strong><\/p>\n<p><em>(*) Les cartes cadeaux ne sont ni \u00e9chang\u00e9es, ni rembours\u00e9es.\u00a0<\/em><\/p>\n<p style=\"text-align: left;\">\n","protected":false},"excerpt":{"rendered":"<p>&nbsp;<\/p>\n<p><strong>LIVRAISON\u00a0 \u2192 <\/strong>La livraison des cartes cadeaux se fait par la poste, apr\u00e8s la r\u00e9ception du paiement.<\/p>\n","protected":false},"featured_media":4113,"comment_status":"closed","ping_status":"closed","template":"","meta":{"site-sidebar-layout":"default","site-content-layout":"","ast-site-content-layout":"default","site-content-style":"default","site-sidebar-style":"default","ast-global-header-display":"","ast-banner-title-visibility":"","ast-main-header-display":"","ast-hfb-above-header-display":"","ast-hfb-below-header-display":"","ast-hfb-mobile-header-display":"","site-post-title":"","ast-breadcrumbs-content":"","ast-featured-img":"","footer-sml-layout":"","theme-transparent-header-meta":"default","adv-header-id-meta":"","stick-header-meta":"","header-above-stick-meta":"","header-main-stick-meta":"","header-below-stick-meta":"","astra-migrate-meta-layouts":"set","ast-page-background-enabled":"default","ast-page-background-meta":{"desktop":{"background-color":"var(--ast-global-color-4)","background-image":"","background-repeat":"repeat","background-position":"center center","background-size":"auto","background-attachment":"scroll","background-type":"","background-media":"","overlay-type":"","overlay-color":"","overlay-gradient":""},"tablet":{"background-color":"","background-image":"","background-repeat":"repeat","background-position":"center center","background-size":"auto","background-attachment":"scroll","background-type":"","background-media":"","overlay-type":"","overlay-color":"","overlay-gradient":""},"mobile":{"background-color":"","background-image":"","background-repeat":"repeat","background-position":"center center","background-size":"auto","background-attachment":"scroll","background-type":"","background-media":"","overlay-type":"","overlay-color":"","overlay-gradient":""}},"ast-content-background-meta":{"desktop":{"background-color":"var(--ast-global-color-5)","background-image":"","background-repeat":"repeat","background-position":"center center","background-size":"auto","background-attachment":"scroll","background-type":"","background-media":"","overlay-type":"","overlay-color":"","overlay-gradient":""},"tablet":{"background-color":"var(--ast-global-color-5)","background-image":"","background-repeat":"repeat","background-position":"center center","background-size":"auto","background-attachment":"scroll","background-type":"","background-media":"","overlay-type":"","overlay-color":"","overlay-gradient":""},"mobile":{"background-color":"var(--ast-global-color-5)","background-image":"","background-repeat":"repeat","background-position":"center center","background-size":"auto","background-attachment":"scroll","background-type":"","background-media":"","overlay-type":"","overlay-color":"","overlay-gradient":""}}},"product_cat":[23],"product_tag":[],"mwb_booking_cost":[],"mwb_booking_service":[],"class_list":{"0":"post-3661","1":"product","2":"type-product","3":"status-publish","4":"has-post-thumbnail","6":"product_cat-carte-cadeau","7":"desktop-align-right","8":"tablet-align-left","9":"mobile-align-left","11":"first","12":"instock","13":"taxable","14":"shipping-taxable","15":"purchasable","16":"product-type-simple"},"_links":{"self":[{"href":"https:\/\/jolyconcept.be\/index.php\/wp-json\/wp\/v2\/product\/3661","targetHints":{"allow":["GET"]}}],"collection":[{"href":"https:\/\/jolyconcept.be\/index.php\/wp-json\/wp\/v2\/product"}],"about":[{"href":"https:\/\/jolyconcept.be\/index.php\/wp-json\/wp\/v2\/types\/product"}],"replies":[{"embeddable":true,"href":"https:\/\/jolyconcept.be\/index.php\/wp-json\/wp\/v2\/comments?post=3661"}],"wp:featuredmedia":[{"embeddable":true,"href":"https:\/\/jolyconcept.be\/index.php\/wp-json\/wp\/v2\/media\/4113"}],"wp:attachment":[{"href":"https:\/\/jolyconcept.be\/index.php\/wp-json\/wp\/v2\/media?parent=3661"}],"wp:term":[{"taxonomy":"product_cat","embeddable":true,"href":"https:\/\/jolyconcept.be\/index.php\/wp-json\/wp\/v2\/product_cat?post=3661"},{"taxonomy":"product_tag","embeddable":true,"href":"https:\/\/jolyconcept.be\/index.php\/wp-json\/wp\/v2\/product_tag?post=3661"},{"taxonomy":"mwb_booking_cost","embeddable":true,"href":"https:\/\/jolyconcept.be\/index.php\/wp-json\/wp\/v2\/mwb_booking_cost?post=3661"},{"taxonomy":"mwb_booking_service","embeddable":true,"href":"https:\/\/jolyconcept.be\/index.php\/wp-json\/wp\/v2\/mwb_booking_service?post=3661"}],"curies":[{"name":"wp","href":"https:\/\/api.w.org\/{rel}","templated":true}]}}