{"id":3642,"date":"2024-11-02T16:37:04","date_gmt":"2024-11-02T15:37:04","guid":{"rendered":"https:\/\/jolyconcept.be\/?post_type=product&#038;p=3642"},"modified":"2025-10-16T09:36:56","modified_gmt":"2025-10-16T07:36:56","slug":"conseils-decoration-en-ligne-2","status":"publish","type":"product","link":"https:\/\/jolyconcept.be\/index.php\/produit\/conseils-decoration-en-ligne-2\/","title":{"rendered":"CONSEILS COULEURS &#8211; EN LIGNE"},"content":{"rendered":"<p>Sur base de photos, d\u2019informations, et de questions envoy\u00e9es par email, pr\u00e9alablement au rendez-vous*, nous abordons et examinons ensemble la probl\u00e9matique colorim\u00e9trique lors d\u2019un <strong>rendez-vous de 45 minutes<\/strong>\u00a0en ligne, en visioconf\u00e9rence. (<strong>pour 2 \u00e0 3 pi\u00e8ces)<\/strong><\/p>\n<p>R\u00e9ception ensuite par email :<strong><br \/>\n\u25a1\u00a0 \u00a0Un compte rendu d\u00e9taill\u00e9<br \/>\n\u25a1\u00a0\u00a0 Une remise des r\u00e9f\u00e9rences couleurs, mati\u00e8res et\/ou papiers peints \u00e9ventuels<\/strong><\/p>\n<p>* Vous recevez un email apr\u00e8s la validation de la commande afin de fix\u00e9e le rendez-vous en visioconf\u00e9rence.<br \/>\n\u2192 <strong><a href=\"https:\/\/jolyconcept.be\/index.php\/details-de-la-mission-conseil-et-de-la-mission-projet\/\">EN SAVOIR PLUS&#8230;<\/a><\/strong><\/p>\n","protected":false},"excerpt":{"rendered":"<p><strong><br \/>\nPRISE DE RENDEZ-VOUS\u00a0 \u2192\u00a0 <\/strong>Vous recevez un email apr\u00e8s la validation et paiement de la commande <strong>afin de fix\u00e9e le rendez-vous en visioconf\u00e9rence<\/strong>.<\/p>\n","protected":false},"featured_media":3643,"comment_status":"closed","ping_status":"closed","template":"","meta":{"site-sidebar-layout":"default","site-content-layout":"","ast-site-content-layout":"default","site-content-style":"default","site-sidebar-style":"default","ast-global-header-display":"","ast-banner-title-visibility":"","ast-main-header-display":"","ast-hfb-above-header-display":"","ast-hfb-below-header-display":"","ast-hfb-mobile-header-display":"","site-post-title":"","ast-breadcrumbs-content":"","ast-featured-img":"","footer-sml-layout":"","theme-transparent-header-meta":"default","adv-header-id-meta":"","stick-header-meta":"","header-above-stick-meta":"","header-main-stick-meta":"","header-below-stick-meta":"","astra-migrate-meta-layouts":"set","ast-page-background-enabled":"default","ast-page-background-meta":{"desktop":{"background-color":"var(--ast-global-color-4)","background-image":"","background-repeat":"repeat","background-position":"center center","background-size":"auto","background-attachment":"scroll","background-type":"","background-media":"","overlay-type":"","overlay-color":"","overlay-gradient":""},"tablet":{"background-color":"","background-image":"","background-repeat":"repeat","background-position":"center center","background-size":"auto","background-attachment":"scroll","background-type":"","background-media":"","overlay-type":"","overlay-color":"","overlay-gradient":""},"mobile":{"background-color":"","background-image":"","background-repeat":"repeat","background-position":"center center","background-size":"auto","background-attachment":"scroll","background-type":"","background-media":"","overlay-type":"","overlay-color":"","overlay-gradient":""}},"ast-content-background-meta":{"desktop":{"background-color":"var(--ast-global-color-5)","background-image":"","background-repeat":"repeat","background-position":"center center","background-size":"auto","background-attachment":"scroll","background-type":"","background-media":"","overlay-type":"","overlay-color":"","overlay-gradient":""},"tablet":{"background-color":"var(--ast-global-color-5)","background-image":"","background-repeat":"repeat","background-position":"center center","background-size":"auto","background-attachment":"scroll","background-type":"","background-media":"","overlay-type":"","overlay-color":"","overlay-gradient":""},"mobile":{"background-color":"var(--ast-global-color-5)","background-image":"","background-repeat":"repeat","background-position":"center center","background-size":"auto","background-attachment":"scroll","background-type":"","background-media":"","overlay-type":"","overlay-color":"","overlay-gradient":""}}},"product_cat":[31],"product_tag":[],"mwb_booking_cost":[],"mwb_booking_service":[],"class_list":{"0":"post-3642","1":"product","2":"type-product","3":"status-publish","4":"has-post-thumbnail","6":"product_cat-prestations","7":"desktop-align-right","8":"tablet-align-left","9":"mobile-align-left","11":"first","12":"instock","13":"taxable","14":"shipping-taxable","15":"purchasable","16":"product-type-simple"},"_links":{"self":[{"href":"https:\/\/jolyconcept.be\/index.php\/wp-json\/wp\/v2\/product\/3642","targetHints":{"allow":["GET"]}}],"collection":[{"href":"https:\/\/jolyconcept.be\/index.php\/wp-json\/wp\/v2\/product"}],"about":[{"href":"https:\/\/jolyconcept.be\/index.php\/wp-json\/wp\/v2\/types\/product"}],"replies":[{"embeddable":true,"href":"https:\/\/jolyconcept.be\/index.php\/wp-json\/wp\/v2\/comments?post=3642"}],"wp:featuredmedia":[{"embeddable":true,"href":"https:\/\/jolyconcept.be\/index.php\/wp-json\/wp\/v2\/media\/3643"}],"wp:attachment":[{"href":"https:\/\/jolyconcept.be\/index.php\/wp-json\/wp\/v2\/media?parent=3642"}],"wp:term":[{"taxonomy":"product_cat","embeddable":true,"href":"https:\/\/jolyconcept.be\/index.php\/wp-json\/wp\/v2\/product_cat?post=3642"},{"taxonomy":"product_tag","embeddable":true,"href":"https:\/\/jolyconcept.be\/index.php\/wp-json\/wp\/v2\/product_tag?post=3642"},{"taxonomy":"mwb_booking_cost","embeddable":true,"href":"https:\/\/jolyconcept.be\/index.php\/wp-json\/wp\/v2\/mwb_booking_cost?post=3642"},{"taxonomy":"mwb_booking_service","embeddable":true,"href":"https:\/\/jolyconcept.be\/index.php\/wp-json\/wp\/v2\/mwb_booking_service?post=3642"}],"curies":[{"name":"wp","href":"https:\/\/api.w.org\/{rel}","templated":true}]}}